{"id":1119,"date":"2025-04-14T08:50:23","date_gmt":"2025-04-14T08:50:23","guid":{"rendered":"https:\/\/jardinalpinosierranevada.es\/?page_id=1119"},"modified":"2026-02-23T11:22:38","modified_gmt":"2026-02-23T11:22:38","slug":"condiciones-de-los-servicios","status":"publish","type":"page","link":"https:\/\/jardinalpinosierranevada.es\/en\/condiciones-de-los-servicios\/","title":{"rendered":"Condiciones de los servicios"},"content":{"rendered":"<p>[et_pb_section fb_built=\u00bb1&#8243; _builder_version=\u00bb4.27.0&#8243; _module_preset=\u00bbdefault\u00bb background_color=\u00bb#FFFFFF\u00bb custom_padding=\u00bb100px||50px||false|false\u00bb global_colors_info=\u00bb{}\u00bb][et_pb_row custom_padding_last_edited=\u00bbon|phone\u00bb _builder_version=\u00bb4.27.4&#8243; _module_preset=\u00bbdefault\u00bb width_tablet=\u00bb\u00bb width_phone=\u00bb90%\u00bb width_last_edited=\u00bbon|phone\u00bb max_width=\u00bb800px\u00bb custom_margin=\u00bb||||false|false\u00bb custom_margin_tablet=\u00bb50px||||false|false\u00bb custom_margin_phone=\u00bb0px||||false|false\u00bb custom_margin_last_edited=\u00bbon|phone\u00bb custom_padding=\u00bb||||false|false\u00bb custom_padding_tablet=\u00bb||||false|false\u00bb custom_padding_phone=\u00bb||0px||false|false\u00bb animation_style=\u00bbfade\u00bb locked=\u00bboff\u00bb global_colors_info=\u00bb{}\u00bb][et_pb_column type=\u00bb4_4&#8243; _builder_version=\u00bb4.27.2&#8243; _module_preset=\u00bbdefault\u00bb global_colors_info=\u00bb{}\u00bb][et_pb_text content_tablet=\u00bb<\/p>\n<h1 style=%22font-family: 'San Francisco UI Display Bold'; font-size: 48px; letter-spacing: 0em; line-height: 1.09em; text-align: center; color: #242424; padding-bottom: 15px;%22>Condiciones de los Servicios<br \/>de CEROGRADOS Jard\u00edn Alpino<\/h1>\n<p style=%22font-family: 'San Francisco UI Display Regular'; font-size: 19px; letter-spacing: 0em; line-height: 1.6em; text-align: center; color: #666666; padding-bottom: 15px;%22>Actualizado el 01 de noviembre de 2024<\/p>\n<p style=%22font-family: 'San Francisco UI Display Semibold'; font-size: 25px; letter-spacing: 0em; line-height: 1.1em; text-align: center; color: #242424; padding-bottom: 0px;%22>Condiciones de los servicios y productos de CEROGRADOS y obligaciones de los usuarios y clientes sobre nuestros servicios.<\/p>\n<p>\u00bb content_phone=\u00bb<\/p>\n<h1 style=%22font-family: 'San Francisco UI Display Bold'; font-size: 30px; letter-spacing: 0em; line-height: 1.09em; text-align: center; color: #242424; padding-bottom: 15px;%22>Condiciones de los Servicios de CEROGRADOS Jard\u00edn Alpino<\/h1>\n<p style=%22font-family: 'San Francisco UI Display Regular'; font-size: 15px; letter-spacing: 0em; line-height: 1.6em; text-align: center; color: #666666; padding-bottom: 15px;%22>Actualizado el 01 de noviembre de 2024<\/p>\n<p style=%22font-family: 'San Francisco UI Display Semibold'; font-size: 20px; letter-spacing: 0em; line-height: 1.1em; text-align: center; color: #242424; padding-bottom: 0px;%22>Condiciones de los servicios y productos de CEROGRADOS y obligaciones de los usuarios y clientes sobre nuestros servicios.<\/p>\n<p>\u00bb content_last_edited=\u00bbon|phone\u00bb _builder_version=\u00bb4.27.4&#8243; _module_preset=\u00bbdefault\u00bb module_alignment=\u00bbcenter\u00bb global_colors_info=\u00bb{}\u00bb]<\/p>\n<h1 style=\"font-family: 'San Francisco UI Display Bold'; font-size: 48px; letter-spacing: 0em; line-height: 1.09em; text-align: center; color: #242424; padding-bottom: 15px;\">Condiciones de los Servicios<br \/>de CEROGRADOS Jard\u00edn Alpino<\/h1>\n<p style=\"font-family: 'San Francisco UI Display Regular'; font-size: 19px; letter-spacing: 0em; line-height: 1.6em; text-align: center; color: #666666; padding-bottom: 15px;\">Actualizado el 01 de noviembre de 2024<\/p>\n<p style=\"font-family: 'San Francisco UI Display Semibold'; font-size: 25px; letter-spacing: 0em; line-height: 1.1em; text-align: center; color: #242424; padding-bottom: 0px;\">Condiciones de los servicios y productos de CEROGRADOS y obligaciones de los usuarios y clientes sobre nuestros servicios.<\/p>\n<p>[\/et_pb_text][et_pb_divider color=\u00bbrgba(0,0,0,0.15)\u00bb _builder_version=\u00bb4.27.2&#8243; _module_preset=\u00bbdefault\u00bb custom_margin=\u00bb50px||||false|false\u00bb locked=\u00bboff\u00bb global_colors_info=\u00bb{}\u00bb][\/et_pb_divider][\/et_pb_column][\/et_pb_row][et_pb_row _builder_version=\u00bb4.27.4&#8243; _module_preset=\u00bbdefault\u00bb width_tablet=\u00bb\u00bb width_phone=\u00bb90%\u00bb width_last_edited=\u00bbon|phone\u00bb max_width=\u00bb800px\u00bb custom_margin=\u00bb0px||||false|false\u00bb custom_padding=\u00bb0px||||false|false\u00bb animation_style=\u00bbfade\u00bb global_colors_info=\u00bb{}\u00bb][et_pb_column type=\u00bb4_4&#8243; _builder_version=\u00bb4.27.0&#8243; _module_preset=\u00bbdefault\u00bb global_colors_info=\u00bb{}\u00bb][et_pb_text _builder_version=\u00bb4.27.4&#8243; _module_preset=\u00bbdefault\u00bb global_colors_info=\u00bb{}\u00bb]<\/p>\n<p style=\"font-family: 'San Francisco UI Display Regular'; font-size: 19px; letter-spacing: 0em; line-height: 1.6em; text-align: left; color: #666666;\">Gracias por contratar nuestros servicios o comprar en <strong style=\"font-family: 'San Francisco UI Display Semibold';\">CEROGRADOS<\/strong>. Queremos que tengas la mejor experiencia cada vez que busques, eval\u00faes reserves, contrates y compres productos en <a href=\"https:\/\/www.cerogrados.com\" style=\"color: #0066cc;\" target=\"_blank\" rel=\"noopener\">https:\/\/www.cerogrados.com<\/a> o <a href=\"https:\/\/www.jardinalpinosierranevada.es\" style=\"color: #0066cc;\">https:\/\/www.jardinalpinosierranevada.es<\/a>, como si llamas a nuestro Departamento de Atenci\u00f3n al Cliente de <strong style=\"font-family: 'San Francisco UI Display Semibold';\">CEROGRADOS<\/strong>.<\/p>\n<p style=\"font-family: 'San Francisco UI Display Regular'; font-size: 19px; letter-spacing: 0em; line-height: 1.6em; text-align: left; color: #666666;\">Como ocurre en cualquier otra contrataci\u00f3n, reserva o compra, la prestaci\u00f3n de servicios y venta de productos en <strong style=\"font-family: 'San Francisco UI Display Semibold';\">CEROGRADOS<\/strong> est\u00e1n sujetas a determinadas condiciones. Tambi\u00e9n resultan de aplicaci\u00f3n nuestra <a href=\"https:\/\/jardinalpinosierranevada.es\/politica-de-privacidad\" style=\"color: #0066cc;\">Pol\u00edtica de Privacidad<\/a> y las <a href=\"https:\/\/jardinalpinosierranevada.es\/uso-del-sitio-web\" style=\"color: #0066cc;\">Condiciones de uso<\/a>. Para solicitar servicios, reservas o realizar compras en <strong style=\"font-family: 'San Francisco UI Display Semibold';\">CEROGRADOS<\/strong> debes ser mayor de 18 a\u00f1os.<\/p>\n<p>&#8212;&#8212;<\/p>\n<h2 style=\"font-family: 'San Francisco UI Display Bold'; font-size: 22px; letter-spacing: 0em; line-height: 1.6em; text-align: left; color: #0066cc;\">CONDICIONES DEL SERVICIO JARD\u00cdN ALPINO<\/h2>\n<h2 style=\"font-family: 'San Francisco UI Display Bold'; font-size: 22px; letter-spacing: 0em; line-height: 1.6em; text-align: left; color: #0066cc;\">Descripci\u00f3n del Servicio<\/h2>\n<p style=\"font-family: 'San Francisco UI Display Regular'; font-size: 19px; letter-spacing: 0em; line-height: 1.6em; text-align: left; color: #0066cc;\">CEROGRADOS Jard\u00edn Alpino es un servicio de jard\u00edn de nieve con clases de iniciaci\u00f3n al esqu\u00ed para ni\u00f1os de 3 a 12 a\u00f1os.<\/p>\n<p style=\"font-family: 'San Francisco UI Display Regular'; font-size: 19px; letter-spacing: 0em; line-height: 1.6em; text-align: left; color: #0066cc;\">Todo el equipo de trabajo ha sido cuidadosamente seleccionado y formados especialmente en el trabajo con ni\u00f1os.<\/p>\n<p style=\"font-family: 'San Francisco UI Display Regular'; font-size: 19px; letter-spacing: 0em; line-height: 1.6em; text-align: left; color: #0066cc;\">Se lleva a cabo un trabajo por estaciones, que asegura un aprendizaje din\u00e1mico, l\u00fadico y divertido, dando a los m\u00e1s peque\u00f1os una atenci\u00f3n personalizada y cuidando todos los detalles.<\/p>\n<p style=\"font-family: 'San Francisco UI Display Regular'; font-size: 19px; letter-spacing: 0em; line-height: 1.6em; text-align: left; color: #0066cc;\">Contamos con una caba\u00f1a con amplia zona de juegos en el interior, comedor, ba\u00f1os y zona de descanso, y un parque exterior con 3 alfombras que dan acceso a una zona de esqu\u00ed totalmente segura y protegida para que los m\u00e1s peque\u00f1os disfruten de la mejor experiencia.<\/p>\n<p style=\"font-family: 'San Francisco UI Display Regular'; font-size: 19px; letter-spacing: 0em; line-height: 1.6em; text-align: left; color: #0066cc;\">El servicio Jard\u00edn Alpino ofrece 3 opciones de programas de lunes a domingo. El objetivo principal de cualquiera de las 3 opciones es que los ni\u00f1os den sus primeros pasos en el esqu\u00ed. En caso que alg\u00fan ni\u00f1o no quiera esquiar se llevar\u00e1n a cabo actividades l\u00fadicas, tanto dentro de la caba\u00f1a como fuera en la zona de nieve.<\/p>\n<h2 style=\"font-family: 'San Francisco UI Display Bold'; font-size: 22px; letter-spacing: 0em; line-height: 1.6em; text-align: left; color: #0066cc;\">Opciones\/programas disponibles:<\/h2>\n<ul style=\"font-family: 'San Francisco UI Display Regular'; font-size: 19px; letter-spacing: 0em; line-height: 1.6em; text-align: left; color: #0066cc;\">\n<li>Programa de d\u00eda completo: de 9.30h a 16.30h.<\/li>\n<li>Programa de medio d\u00eda de ma\u00f1ana: de 9.30h a 13.00h.<\/li>\n<li>Programa de medio d\u00eda de tarde: de 13.30h a 16.30h.<\/li>\n<\/ul>\n<p style=\"font-family: 'San Francisco UI Display Regular'; font-size: 19px; letter-spacing: 0em; line-height: 1.6em; text-align: left; color: #0066cc;\">Buscamos transmitir no solo nuestra pasi\u00f3n por el esqu\u00ed, sino tambi\u00e9n valores, educarlos como futuros esquiadores, sensibles con el medio ambiente, y que aprendan todas las habilidades necesarias para progresar en el esqu\u00ed y desenvolverse de una forma segura.<\/p>\n<h2 style=\"font-family: 'San Francisco UI Display Bold'; font-size: 22px; letter-spacing: 0em; line-height: 1.6em; text-align: left; color: #0066cc;\">Condiciones de Contrataci\u00f3n<br \/>\ndel Servicio CEROGRADOS Jard\u00edn Alpino<\/h2>\n<p style=\"font-family: 'San Francisco UI Display Regular'; font-size: 19px; letter-spacing: 0em; line-height: 1.6em; text-align: left; color: #0066cc;\">\u00b7 V\u00e1lido para ni\u00f1os a partir de 3 a\u00f1os, sin pa\u00f1ales.<br \/>\n\u00b7 El trabajo se lleva a cabo por estaciones y grupos por niveles y edades.<br \/>\n\u00b7 No se admiten ni\u00f1os con enfermedades, en estado febril o que haya que administrarle cualquier tipo de medicamentos.<br \/>\n\u00b7 Los ni\u00f1os que vayan a esquiar deber\u00e1n traer esqu\u00eds, botas y casco para desarrollar la actividad. El uso del casco es obligatorio.<br \/>\n\u00b7 En caso de p\u00e9rdida o extrav\u00edo del material la empresa no ser\u00e1 responsable.<br \/>\n\u00b7 La actividad de esqu\u00ed est\u00e1 sujeta a las condiciones del tiempo, la misma no es obligatoria en caso de mal tiempo y queda a criterio de la direcci\u00f3n la decisi\u00f3n de llevarla a cabo.<br \/>\n\u00b7 No se realizan devoluciones por mal tiempo o cierre de estaci\u00f3n. En caso de cierre de estaci\u00f3n la actividad se desarrollar\u00e1 en nuestras instalaciones de Family Kids en Pradollano.<br \/>\n\u00b7 Grupos de iniciaci\u00f3n todos los d\u00edas de la semana.<br \/>\n\u00b7 Instalaciones acondicionadas para ni\u00f1os con todas las comodidades.<br \/>\n\u00b7 Servicio opcional de Apr\u00e8s-ski por las tardes de 17.00h a 18.30h en nuestro local de Family Kids en Pradollano.<\/p>\n<h2 style=\"font-family: 'San Francisco UI Display Bold'; font-size: 22px; letter-spacing: 0em; line-height: 1.6em; text-align: left; color: #0066cc;\">En caso de Anulaci\u00f3n<br \/>\ndel Servicio Contratado Jard\u00edn Alpino:<\/h2>\n<p style=\"font-family: 'San Francisco UI Display Regular'; font-size: 19px; letter-spacing: 0em; line-height: 1.6em; text-align: left; color: #0066cc;\">Hasta 48 horas antes de la llegada 0% de gastos.<\/p>\n<p style=\"font-family: 'San Francisco UI Display Regular'; font-size: 19px; letter-spacing: 0em; line-height: 1.6em; text-align: left; color: #0066cc;\">De 48 a 24 horas antes de la llegada se cobrar\u00e1 el 100% de la primera clase, entreg\u00e1ndose un bono para uso futuro. En caso de tener contratado un paquete de m\u00e1s de un d\u00eda de servicios, solo se cobrar\u00e1 el 100% del primer d\u00eda, devolvi\u00e9ndose el proporcional del resto de d\u00edas, y el cliente obtendr\u00e1 un bono del servicio cobrado para disfrutarlo a lo largo de la temporada.<\/p>\n<p style=\"font-family: 'San Francisco UI Display Regular'; font-size: 19px; letter-spacing: 0em; line-height: 1.6em; text-align: left; color: #0066cc;\">Menos de 24 horas antes, se cobrar\u00e1 el 100% de la primera clase. En caso de tener contratado un paquete de m\u00e1s de un d\u00eda de servicios, solo se cobrar\u00e1 el 100% del primer d\u00eda, devolvi\u00e9ndose el proporcional del resto de d\u00edas.<\/p>\n<p>&#8212;&#8212;<\/p>\n<h2 style=\"font-family: 'San Francisco UI Display Bold'; font-size: 22px; letter-spacing: 0em; line-height: 1.6em; text-align: left; color: #666666;\">Descripci\u00f3n General de las Condiciones de Contrataci\u00f3n<br \/>\nde los servicios y productos de CEROGRADOS<\/h2>\n<p style=\"font-family: 'San Francisco UI Display Regular'; font-size: 19px; letter-spacing: 0em; line-height: 1.6em; text-align: left; color: #666666;\">\u00b7 Precios IVA incluido.<br \/>\n\u00b7 Para la confirmaci\u00f3n de la reserva ser\u00e1 necesario el pago de la misma.<br \/>\n\u00b7 Las promociones establecidas para cada fecha no son acumulables con otras ofertas.<br \/>\n\u00b7 En caso de cierre de estaci\u00f3n se revisar\u00e1 cada paquete y se proceder\u00e1 a las devoluciones correspondientes.<br \/>\n\u00b7 Los forfaits, el alquiler de material y los bonos de clases ser\u00e1n entregados por CEROGRADOS.<br \/>\n\u00b7 Se aconseja al cliente llamar antes a las oficinas de CEROGRADOS para conocer los horarios de atenci\u00f3n de las mismas para la recogida de los servicios, as\u00ed como para que le detallen los horarios de las clases, operativa y ayudarle en las posibles dudas que le surjan.<\/p>\n<h2 style=\"font-family: 'San Francisco UI Display Bold'; font-size: 22px; letter-spacing: 0em; line-height: 1.6em; text-align: left; color: #666666;\">Pol\u00edtica de Cancelaci\u00f3n<\/h2>\n<p style=\"font-family: 'San Francisco UI Display Regular'; font-size: 19px; letter-spacing: 0em; line-height: 1.6em; text-align: left; color: #666666;\">CEROGRADOS GARANTIZA CONDICIONES FLEXIBLES DE CANCELACION PARA LAS RESERVAS TRAMITADAS CON ANTELACION, SEG\u00daN LAS SIGUIENTES CONDICIONES:<\/p>\n<h2 style=\"font-family: 'San Francisco UI Display Bold'; font-size: 22px; letter-spacing: 0em; line-height: 1.6em; text-align: left; color: #666666;\">En caso de Anulaci\u00f3n de los Servicios Contratados:<\/h2>\n<h2 style=\"font-family: 'San Francisco UI Display Bold'; font-size: 22px; letter-spacing: 0em; line-height: 1.6em; text-align: left; color: #666666;\">Jard\u00edn Alpino y Family Kids:<\/h2>\n<p style=\"font-family: 'San Francisco UI Display Regular'; font-size: 19px; letter-spacing: 0em; line-height: 1.6em; text-align: left; color: #666666;\">Hasta 48 horas antes de la llegada 0% de gastos.<\/p>\n<p style=\"font-family: 'San Francisco UI Display Regular'; font-size: 19px; letter-spacing: 0em; line-height: 1.6em; text-align: left; color: #666666;\">De 48 a 24 horas antes de la llegada se cobrar\u00e1 el 100% de la primera clase, entreg\u00e1ndose un bono para uso futuro. En caso de tener contratado un paquete de m\u00e1s de un d\u00eda de servicios, solo se cobrar\u00e1 el 100% del primer d\u00eda, devolvi\u00e9ndose el proporcional del resto de d\u00edas, y el cliente obtendr\u00e1 un bono del servicio cobrado para disfrutarlo a lo largo de la temporada.<\/p>\n<p style=\"font-family: 'San Francisco UI Display Regular'; font-size: 19px; letter-spacing: 0em; line-height: 1.6em; text-align: left; color: #666666;\">Menos de 24 horas antes, se cobrar\u00e1 el 100% de la primera clase. En caso de tener contratado un paquete de m\u00e1s de un d\u00eda de servicios, solo se cobrar\u00e1 el 100% del primer d\u00eda, devolvi\u00e9ndose el proporcional del resto de d\u00edas.<\/p>\n<h2 style=\"font-family: 'San Francisco UI Display Bold'; font-size: 22px; letter-spacing: 0em; line-height: 1.6em; text-align: left; color: #666666;\">Alquiler de Material:<\/h2>\n<p style=\"font-family: 'San Francisco UI Display Regular'; font-size: 19px; letter-spacing: 0em; line-height: 1.6em; text-align: left; color: #666666;\">LAS CANCELACIONES DE ALQUILER DE MATERIAL NO LLEVAN PENALIZACI\u00d3N DE GASTOS EN NING\u00daN CASO.<\/p>\n<p>[\/et_pb_text][\/et_pb_column][\/et_pb_row][\/et_pb_section][et_pb_section fb_built=\u00bb1&#8243; _builder_version=\u00bb4.27.0&#8243; _module_preset=\u00bbdefault\u00bb background_color=\u00bb#f2f2f2&#8243; custom_padding=\u00bb50px||50px||true|false\u00bb global_module=\u00bb2056&#8243; locked=\u00bboff\u00bb collapsed=\u00bbon\u00bb global_colors_info=\u00bb{}\u00bb][et_pb_row _builder_version=\u00bb4.27.2&#8243; _module_preset=\u00bbdefault\u00bb width_tablet=\u00bb\u00bb width_phone=\u00bb90%\u00bb width_last_edited=\u00bbon|phone\u00bb global_colors_info=\u00bb{}\u00bb][et_pb_column type=\u00bb4_4&#8243; _builder_version=\u00bb4.27.0&#8243; _module_preset=\u00bbdefault\u00bb global_colors_info=\u00bb{}\u00bb][et_pb_text _builder_version=\u00bb4.27.4&#8243; _module_preset=\u00bbdefault\u00bb locked=\u00bboff\u00bb global_colors_info=\u00bb{}\u00bb]<\/p>\n<h4 class=\"ayuda-seccion negro\">\u00bfTienes dudas?<\/h4>\n<p class=\"ayuda-seccion negro\">Si necesitas m\u00e1s informaci\u00f3n sobre los servicios, pol\u00edticas o condiciones de CEROGRADOS, estaremos encantados de ayudarte personalmente.<\/p>\n<p>[\/et_pb_text][et_pb_button button_url=\u00bbtel:+34958866306&#8243; button_text=\u00bbHabla con Nuestras Asesoras\u00bb button_alignment=\u00bbleft\u00bb _builder_version=\u00bb4.27.4&#8243; _module_preset=\u00bbdefault\u00bb custom_button=\u00bbon\u00bb button_text_size=\u00bb24px\u00bb button_text_color=\u00bb#0071e3&#8243; button_bg_color=\u00bbRGBA(255,255,255,0)\u00bb button_border_width=\u00bb0px\u00bb button_border_radius=\u00bb0px\u00bb button_font=\u00bb||||||||\u00bb button_icon=\u00bb&#x3d;||divi||400&#8243; custom_padding=\u00bb|||0px|false|false\u00bb button_text_size_tablet=\u00bb24px\u00bb button_text_size_phone=\u00bb20px\u00bb button_text_size_last_edited=\u00bbon|phone\u00bb custom_css_main_element=\u00bbfont-family: &#8216;San Francisco UI Display Regular&#8217;, sans-serif !important;\u00bb locked=\u00bboff\u00bb global_colors_info=\u00bb{}\u00bb][\/et_pb_button][\/et_pb_column][\/et_pb_row][\/et_pb_section]<\/p>\n","protected":false},"excerpt":{"rendered":"<p>Condiciones de los Serviciosde CEROGRADOS Jard\u00edn Alpino Actualizado el 01 de noviembre de 2024 Condiciones de los servicios y productos de CEROGRADOS y obligaciones de los usuarios y clientes sobre nuestros servicios.Gracias por contratar nuestros servicios o comprar en CEROGRADOS. Queremos que tengas la mejor experiencia cada vez que busques, eval\u00faes reserves, contrates y compres [&hellip;]<\/p>\n","protected":false},"author":1,"featured_media":0,"parent":0,"menu_order":5,"comment_status":"closed","ping_status":"closed","template":"","meta":{"_et_pb_use_builder":"on","_et_pb_old_content":"","_et_gb_content_width":"","inline_featured_image":false,"footnotes":""},"class_list":["post-1119","page","type-page","status-publish","hentry"],"_links":{"self":[{"href":"https:\/\/jardinalpinosierranevada.es\/en\/wp-json\/wp\/v2\/pages\/1119","targetHints":{"allow":["GET"]}}],"collection":[{"href":"https:\/\/jardinalpinosierranevada.es\/en\/wp-json\/wp\/v2\/pages"}],"about":[{"href":"https:\/\/jardinalpinosierranevada.es\/en\/wp-json\/wp\/v2\/types\/page"}],"author":[{"embeddable":true,"href":"https:\/\/jardinalpinosierranevada.es\/en\/wp-json\/wp\/v2\/users\/1"}],"replies":[{"embeddable":true,"href":"https:\/\/jardinalpinosierranevada.es\/en\/wp-json\/wp\/v2\/comments?post=1119"}],"version-history":[{"count":1,"href":"https:\/\/jardinalpinosierranevada.es\/en\/wp-json\/wp\/v2\/pages\/1119\/revisions"}],"predecessor-version":[{"id":2705,"href":"https:\/\/jardinalpinosierranevada.es\/en\/wp-json\/wp\/v2\/pages\/1119\/revisions\/2705"}],"wp:attachment":[{"href":"https:\/\/jardinalpinosierranevada.es\/en\/wp-json\/wp\/v2\/media?parent=1119"}],"curies":[{"name":"wp","href":"https:\/\/api.w.org\/{rel}","templated":true}]}}