{"id":1129,"date":"2025-04-14T08:53:19","date_gmt":"2025-04-14T08:53:19","guid":{"rendered":"https:\/\/jardinalpinosierranevada.es\/?page_id=1129"},"modified":"2025-11-05T11:40:26","modified_gmt":"2025-11-05T11:40:26","slug":"uso-de-cookies","status":"publish","type":"page","link":"https:\/\/jardinalpinosierranevada.es\/en\/uso-de-cookies\/","title":{"rendered":"Uso de cookies"},"content":{"rendered":"<p>[et_pb_section fb_built=\u00bb1&#8243; _builder_version=\u00bb4.27.0&#8243; _module_preset=\u00bbdefault\u00bb background_color=\u00bb#FFFFFF\u00bb custom_padding=\u00bb100px||50px||false|false\u00bb global_colors_info=\u00bb{}\u00bb][et_pb_row custom_padding_last_edited=\u00bbon|phone\u00bb _builder_version=\u00bb4.27.4&#8243; _module_preset=\u00bbdefault\u00bb width_tablet=\u00bb\u00bb width_phone=\u00bb90%\u00bb width_last_edited=\u00bbon|phone\u00bb max_width=\u00bb800px\u00bb custom_margin=\u00bb||||false|false\u00bb custom_margin_tablet=\u00bb50px||||false|false\u00bb custom_margin_phone=\u00bb0px||||false|false\u00bb custom_margin_last_edited=\u00bbon|phone\u00bb custom_padding=\u00bb||||false|false\u00bb custom_padding_tablet=\u00bb||||false|false\u00bb custom_padding_phone=\u00bb||0px||false|false\u00bb animation_style=\u00bbfade\u00bb locked=\u00bboff\u00bb global_colors_info=\u00bb{}\u00bb][et_pb_column type=\u00bb4_4&#8243; _builder_version=\u00bb4.27.2&#8243; _module_preset=\u00bbdefault\u00bb global_colors_info=\u00bb{}\u00bb][et_pb_text content_tablet=\u00bb<\/p>\n<h1 style=%22font-family: 'San Francisco UI Display Bold'; font-size: 48px; letter-spacing: 0em; line-height: 1.09em; text-align: center; color: #242424; padding-bottom: 15px;%22>Uso de cookies<br \/>por parte de CEROGRADOS<\/h1>\n<p style=%22font-family: 'San Francisco UI Display Regular'; font-size: 19px; letter-spacing: 0em; line-height: 1.6em; text-align: center; color: #666666; padding-bottom: 15px;%22>Actualizado el 01 de noviembre de 2024<\/p>\n<p style=%22font-family: 'San Francisco UI Display Semibold'; font-size: 25px; letter-spacing: 0em; line-height: 1.1em; text-align: center; color: #242424; padding-bottom: 0px;%22>Descripci\u00f3n sobre el modo en que CEROGRADOS<br \/>usa y gestiona las %22cookies%22.<\/p>\n<p>\u00bb content_phone=\u00bb<\/p>\n<h1 style=%22font-family: 'San Francisco UI Display Bold'; font-size: 30px; letter-spacing: 0em; line-height: 1.09em; text-align: center; color: #242424; padding-bottom: 15px;%22>Uso de cookies<br \/>\npor parte de CEROGRADOS<\/h1>\n<p style=%22font-family: 'San Francisco UI Display Regular'; font-size: 15px; letter-spacing: 0em; line-height: 1.6em; text-align: center; color: #666666; padding-bottom: 15px;%22>Actualizado el 01 de noviembre de 2024<\/p>\n<p style=%22font-family: 'San Francisco UI Display Semibold'; font-size: 20px; letter-spacing: 0em; line-height: 1.1em; text-align: center; color: #242424; padding-bottom: 0px;%22>Descripci\u00f3n sobre el modo en que CEROGRADOS usa y gestiona las \u00abcookies\u00bb.<\/p>\n<p>\u00bb content_last_edited=\u00bbon|phone\u00bb _builder_version=\u00bb4.27.4&#8243; _module_preset=\u00bbdefault\u00bb module_alignment=\u00bbcenter\u00bb global_colors_info=\u00bb{}\u00bb]<\/p>\n<h1 style=\"font-family: 'San Francisco UI Display Bold'; font-size: 48px; letter-spacing: 0em; line-height: 1.09em; text-align: center; color: #242424; padding-bottom: 15px;\">Uso de cookies<br \/>por parte de CEROGRADOS<\/h1>\n<p style=\"font-family: 'San Francisco UI Display Regular'; font-size: 19px; letter-spacing: 0em; line-height: 1.6em; text-align: center; color: #666666; padding-bottom: 15px;\">Actualizado el 01 de noviembre de 2024<\/p>\n<p style=\"font-family: 'San Francisco UI Display Semibold'; font-size: 25px; letter-spacing: 0em; line-height: 1.1em; text-align: center; color: #242424; padding-bottom: 0px;\">Descripci\u00f3n sobre el modo en que CEROGRADOS<br \/>usa y gestiona las \u00abcookies\u00bb.<\/p>\n<p>[\/et_pb_text][et_pb_divider color=\u00bbrgba(0,0,0,0.15)\u00bb _builder_version=\u00bb4.27.2&#8243; _module_preset=\u00bbdefault\u00bb custom_margin=\u00bb50px||||false|false\u00bb locked=\u00bboff\u00bb global_colors_info=\u00bb{}\u00bb][\/et_pb_divider][\/et_pb_column][\/et_pb_row][et_pb_row _builder_version=\u00bb4.27.4&#8243; _module_preset=\u00bbdefault\u00bb width_tablet=\u00bb\u00bb width_phone=\u00bb90%\u00bb width_last_edited=\u00bbon|phone\u00bb max_width=\u00bb800px\u00bb custom_margin=\u00bb0px||||false|false\u00bb custom_padding=\u00bb0px||||false|false\u00bb animation_style=\u00bbfade\u00bb global_colors_info=\u00bb{}\u00bb][et_pb_column type=\u00bb4_4&#8243; _builder_version=\u00bb4.27.0&#8243; _module_preset=\u00bbdefault\u00bb global_colors_info=\u00bb{}\u00bb][et_pb_text _builder_version=\u00bb4.27.4&#8243; _module_preset=\u00bbdefault\u00bb global_colors_info=\u00bb{}\u00bb]<\/p>\n<p style=\"font-family: 'San Francisco UI Display Regular'; font-size: 19px; letter-spacing: 0em; line-height: 1.6em; text-align: left; color: #666666;\">En <strong style=\"font-family: 'San Francisco UI Display Semibold';\">CEROGRADOS<\/strong> (Escuela Europea de Esqu\u00ed y Aventura S.L.), utilizamos cookies para mejorar la experiencia de nuestros usuarios en www.cerogrados.com. A trav\u00e9s de esta Pol\u00edtica de Cookies, le informamos sobre los tipos de cookies que empleamos y la manera en que puede gestionar su configuraci\u00f3n.<\/p>\n<p style=\"font-family: 'San Francisco UI Display Regular'; font-size: 19px; letter-spacing: 0em; line-height: 1.6em; text-align: left; color: #666666;\">Las cookies te permiten el envio de reservas, comprar mediante el carrito y personalizar los sitios, a nosotros nos permiten saber qu\u00e9 p\u00e1ginas visitan los clientes. Nos ayudan a medir la eficacia de los anuncios y b\u00fasquedas, y nos dan informaci\u00f3n sobre el comportamiento de los usuarios, que utilizamos para mejorar nuestros productos y mensajes.<\/p>\n<p style=\"font-family: 'San Francisco UI Display Regular'; font-size: 19px; letter-spacing: 0em; line-height: 1.6em; text-align: left; color: #666666;\">Si quieres desactivar las cookies en el navegador puedes hacerlo a trav\u00e9s de las Preferencias, en el panel Privacidad, elige Bloquear Cookies. En tus dispositivos m\u00f3viles y tablets, ve a Ajustes o configuraci\u00f3n, selecciona el navegador que utilices y dir\u00edgete al apartado Cookies.<\/p>\n<p style=\"font-family: 'San Francisco UI Display Regular'; font-size: 19px; letter-spacing: 0em; line-height: 1.6em; text-align: left; color: #666666;\">Nuestros sitios utilizan cookies, por lo que es posible que no puedas acceder a determinadas secciones si las desactivas.<\/p>\n<p style=\"font-family: 'San Francisco UI Display Regular'; font-size: 19px; letter-spacing: 0em; line-height: 1.6em; text-align: left; color: #666666;\">Las cookies empleadas en nuestras p\u00e1ginas han sido catalogadas seg\u00fan las directrices de la gu\u00eda sobre cookies de la C\u00e1mara de Comercio Internacional (ICC) de Europa. En nuestros sitios web y servicios online aplicamos las siguientes categor\u00edas:<\/p>\n<h2 style=\"font-family: 'San Francisco UI Display Bold'; font-size: 22px; letter-spacing: 0em; line-height: 1.6em; text-align: left; color: #666666;\">Tipos de Cookies Utilizadas<\/h2>\n<p style=\"font-family: 'San Francisco UI Display Regular'; font-size: 19px; letter-spacing: 0em; line-height: 1.6em; text-align: left; color: #666666;\">1. <strong style=\"font-family: 'San Francisco UI Display Semibold';\">Cookies T\u00e9cnicas<\/strong>: Esenciales para el funcionamiento de nuestro sitio web, permitiendo que los usuarios naveguen y usen funcionalidades b\u00e1sicas.<\/p>\n<p style=\"font-family: 'San Francisco UI Display Regular'; font-size: 19px; letter-spacing: 0em; line-height: 1.6em; text-align: left; color: #666666;\">2. <strong style=\"font-family: 'San Francisco UI Display Semibold';\">Cookies de Personalizaci\u00f3n<\/strong>: Recuerdan preferencias espec\u00edficas del usuario, como idioma y configuraci\u00f3n personalizada, para optimizar la experiencia de navegaci\u00f3n.<\/p>\n<p style=\"font-family: 'San Francisco UI Display Regular'; font-size: 19px; letter-spacing: 0em; line-height: 1.6em; text-align: left; color: #666666;\">3. <strong style=\"font-family: 'San Francisco UI Display Semibold';\">Cookies de An\u00e1lisis<\/strong>: Recopilan datos de comportamiento en el sitio, ayud\u00e1ndonos a mejorar la estructura y el contenido mediante an\u00e1lisis estad\u00edsticos.<\/p>\n<p style=\"font-family: 'San Francisco UI Display Regular'; font-size: 19px; letter-spacing: 0em; line-height: 1.6em; text-align: left; color: #666666;\">4. <strong style=\"font-family: 'San Francisco UI Display Semibold';\">Cookies Publicitarias<\/strong>: Facilitan la entrega de anuncios relevantes y adaptados a las preferencias de cada usuario.<\/p>\n<h2 style=\"font-family: 'San Francisco UI Display Bold'; font-size: 22px; letter-spacing: 0em; line-height: 1.6em; text-align: left; color: #666666;\">Duraci\u00f3n de las Cookies<\/h2>\n<p style=\"font-family: 'San Francisco UI Display Regular'; font-size: 19px; letter-spacing: 0em; line-height: 1.6em; text-align: left; color: #666666;\">Utilizamos tanto cookies de sesi\u00f3n, que se eliminan al cerrar el navegador, como cookies persistentes, que permanecen en el dispositivo del usuario por un periodo determinado o hasta que el usuario las elimine.<\/p>\n<h2 style=\"font-family: 'San Francisco UI Display Bold'; font-size: 22px; letter-spacing: 0em; line-height: 1.6em; text-align: left; color: #666666;\">Gesti\u00f3n de Cookies<\/h2>\n<p style=\"font-family: 'San Francisco UI Display Regular'; font-size: 19px; letter-spacing: 0em; line-height: 1.6em; text-align: left; color: #666666;\">Al acceder a www.cerogrados.com, el usuario ver\u00e1 un banner de consentimiento que le permite aceptar las cookies en funci\u00f3n de sus preferencias. Adem\u00e1s, el usuario puede desactivar o gestionar las cookies en cualquier momento a trav\u00e9s de la configuraci\u00f3n del navegador.<\/p>\n<h2 style=\"font-family: 'San Francisco UI Display Bold'; font-size: 22px; letter-spacing: 0em; line-height: 1.6em; text-align: left; color: #666666;\">Cookies de Terceros<\/h2>\n<p style=\"font-family: 'San Francisco UI Display Regular'; font-size: 19px; letter-spacing: 0em; line-height: 1.6em; text-align: left; color: #666666;\">Utilizamos cookies de terceros, como las de Google Analytics, para el an\u00e1lisis de tr\u00e1fico y el comportamiento del usuario en nuestro sitio. Estas cookies se rigen por las pol\u00edticas de privacidad de dichos terceros, a las que puede acceder desde sus plataformas.<\/p>\n<p>[\/et_pb_text][\/et_pb_column][\/et_pb_row][\/et_pb_section][et_pb_section fb_built=\u00bb1&#8243; _builder_version=\u00bb4.27.0&#8243; _module_preset=\u00bbdefault\u00bb background_color=\u00bb#f2f2f2&#8243; custom_padding=\u00bb50px||50px||true|false\u00bb global_module=\u00bb2056&#8243; locked=\u00bboff\u00bb collapsed=\u00bbon\u00bb global_colors_info=\u00bb{}\u00bb][et_pb_row _builder_version=\u00bb4.27.2&#8243; _module_preset=\u00bbdefault\u00bb width_tablet=\u00bb\u00bb width_phone=\u00bb90%\u00bb width_last_edited=\u00bbon|phone\u00bb global_colors_info=\u00bb{}\u00bb][et_pb_column type=\u00bb4_4&#8243; _builder_version=\u00bb4.27.0&#8243; _module_preset=\u00bbdefault\u00bb global_colors_info=\u00bb{}\u00bb][et_pb_text _builder_version=\u00bb4.27.4&#8243; _module_preset=\u00bbdefault\u00bb locked=\u00bboff\u00bb global_colors_info=\u00bb{}\u00bb]<\/p>\n<h4 class=\"ayuda-seccion negro\">\u00bfTienes dudas?<\/h4>\n<p class=\"ayuda-seccion negro\">Si necesitas m\u00e1s informaci\u00f3n sobre los servicios, pol\u00edticas o condiciones de CEROGRADOS, estaremos encantados de ayudarte personalmente.<\/p>\n<p>[\/et_pb_text][et_pb_button button_url=\u00bbtel:+34958866306&#8243; button_text=\u00bbHabla con Nuestras Asesoras\u00bb button_alignment=\u00bbleft\u00bb _builder_version=\u00bb4.27.4&#8243; _module_preset=\u00bbdefault\u00bb custom_button=\u00bbon\u00bb button_text_size=\u00bb24px\u00bb button_text_color=\u00bb#0071e3&#8243; button_bg_color=\u00bbRGBA(255,255,255,0)\u00bb button_border_width=\u00bb0px\u00bb button_border_radius=\u00bb0px\u00bb button_font=\u00bb||||||||\u00bb button_icon=\u00bb&#x3d;||divi||400&#8243; custom_padding=\u00bb|||0px|false|false\u00bb button_text_size_tablet=\u00bb24px\u00bb button_text_size_phone=\u00bb20px\u00bb button_text_size_last_edited=\u00bbon|phone\u00bb custom_css_main_element=\u00bbfont-family: &#8216;San Francisco UI Display Regular&#8217;, sans-serif !important;\u00bb locked=\u00bboff\u00bb global_colors_info=\u00bb{}\u00bb][\/et_pb_button][\/et_pb_column][\/et_pb_row][\/et_pb_section]<\/p>\n","protected":false},"excerpt":{"rendered":"<p>Uso de cookiespor parte de CEROGRADOS Actualizado el 01 de noviembre de 2024 Descripci\u00f3n sobre el modo en que CEROGRADOSusa y gestiona las \u00abcookies\u00bb.En CEROGRADOS (Escuela Europea de Esqu\u00ed y Aventura S.L.), utilizamos cookies para mejorar la experiencia de nuestros usuarios en www.cerogrados.com. A trav\u00e9s de esta Pol\u00edtica de Cookies, le informamos sobre los tipos [&hellip;]<\/p>\n","protected":false},"author":1,"featured_media":0,"parent":0,"menu_order":8,"comment_status":"closed","ping_status":"closed","template":"","meta":{"_et_pb_use_builder":"on","_et_pb_old_content":"","_et_gb_content_width":"","inline_featured_image":false,"footnotes":""},"class_list":["post-1129","page","type-page","status-publish","hentry"],"_links":{"self":[{"href":"https:\/\/jardinalpinosierranevada.es\/en\/wp-json\/wp\/v2\/pages\/1129","targetHints":{"allow":["GET"]}}],"collection":[{"href":"https:\/\/jardinalpinosierranevada.es\/en\/wp-json\/wp\/v2\/pages"}],"about":[{"href":"https:\/\/jardinalpinosierranevada.es\/en\/wp-json\/wp\/v2\/types\/page"}],"author":[{"embeddable":true,"href":"https:\/\/jardinalpinosierranevada.es\/en\/wp-json\/wp\/v2\/users\/1"}],"replies":[{"embeddable":true,"href":"https:\/\/jardinalpinosierranevada.es\/en\/wp-json\/wp\/v2\/comments?post=1129"}],"version-history":[{"count":1,"href":"https:\/\/jardinalpinosierranevada.es\/en\/wp-json\/wp\/v2\/pages\/1129\/revisions"}],"predecessor-version":[{"id":2708,"href":"https:\/\/jardinalpinosierranevada.es\/en\/wp-json\/wp\/v2\/pages\/1129\/revisions\/2708"}],"wp:attachment":[{"href":"https:\/\/jardinalpinosierranevada.es\/en\/wp-json\/wp\/v2\/media?parent=1129"}],"curies":[{"name":"wp","href":"https:\/\/api.w.org\/{rel}","templated":true}]}}