{"id":1578,"date":"2025-04-29T16:43:15","date_gmt":"2025-04-29T16:43:15","guid":{"rendered":"https:\/\/jardinalpinosierranevada.es\/?page_id=1578"},"modified":"2025-12-19T16:24:14","modified_gmt":"2025-12-19T16:24:14","slug":"preview","status":"publish","type":"page","link":"https:\/\/jardinalpinosierranevada.es\/en\/","title":{"rendered":"PREVIEW"},"content":{"rendered":"<p>[et_pb_section fb_built=\u00bb1&#8243; admin_label=\u00bbTOP PAGE\u00bb module_id=\u00bbhome\u00bb _builder_version=\u00bb4.27.4&#8243; _module_preset=\u00bbdefault\u00bb background_color=\u00bb#000000&#8243; use_background_color_gradient=\u00bbon\u00bb background_color_gradient_stops=\u00bbrgba(10,1,1,0.1) 40%|rgba(0,0,0,0.4) 100%\u00bb background_color_gradient_overlays_image=\u00bbon\u00bb background_image=\u00bbhttps:\/\/jardinalpinosierranevada.es\/wp-content\/uploads\/2025\/05\/ninos_alfombra-CEROGRADOS-Jardin-Alpino-desktop-scaled.webp\u00bb width_tablet=\u00bb\u00bb width_phone=\u00bb100%\u00bb width_last_edited=\u00bbon|phone\u00bb max_width_tablet=\u00bb\u00bb max_width_phone=\u00bb100%\u00bb max_width_last_edited=\u00bbon|phone\u00bb min_height=\u00bb100vh\u00bb height=\u00bb100vh\u00bb max_height=\u00bb100vh\u00bb custom_margin=\u00bb0px||||false|false\u00bb custom_padding=\u00bb0px||150px||false|false\u00bb background_last_edited=\u00bbon|phone\u00bb background_image_phone=\u00bbhttps:\/\/jardinalpinosierranevada.es\/wp-content\/uploads\/2025\/05\/ninos_alfombra-CEROGRADOS-Jardin-Alpino-movil.webp\u00bb background_enable_image_phone=\u00bbon\u00bb custom_css_main_element=\u00bbalign-content: flex-end;\u00bb global_colors_info=\u00bb{}\u00bb][et_pb_row _builder_version=\u00bb4.27.4&#8243; _module_preset=\u00bbdefault\u00bb width_tablet=\u00bb\u00bb width_phone=\u00bb90%\u00bb width_last_edited=\u00bbon|phone\u00bb max_width=\u00bb950px\u00bb max_width_tablet=\u00bb800px\u00bb max_width_phone=\u00bb100%\u00bb max_width_last_edited=\u00bbon|phone\u00bb custom_padding=\u00bb||0px||false|false\u00bb locked=\u00bboff\u00bb global_colors_info=\u00bb{}\u00bb][et_pb_column type=\u00bb4_4&#8243; _builder_version=\u00bb4.27.4&#8243; _module_preset=\u00bbdefault\u00bb global_colors_info=\u00bb{}\u00bb][et_pb_image src=\u00bbhttps:\/\/jardinalpinosierranevada.es\/wp-content\/uploads\/2025\/03\/logo_JardinAlpino_grey01.svg\u00bb title_text=\u00bblogo_JardinAlpino_grey01&#8243; align=\u00bbcenter\u00bb _builder_version=\u00bb4.27.4&#8243; _module_preset=\u00bbdefault\u00bb max_width=\u00bb350px\u00bb filter_brightness=\u00bb200%\u00bb global_colors_info=\u00bb{}\u00bb][\/et_pb_image][et_pb_text _builder_version=\u00bb4.27.4&#8243; _module_preset=\u00bbdefault\u00bb text_font=\u00bbSan Francisco UI Display Bold||||||||\u00bb text_text_color=\u00bb#ffffff\u00bb text_font_size=\u00bb96px\u00bb text_letter_spacing=\u00bb-0.01em\u00bb text_line_height=\u00bb1.01em\u00bb text_orientation=\u00bbcenter\u00bb text_font_size_tablet=\u00bb64px\u00bb text_font_size_phone=\u00bb40px\u00bb text_font_size_last_edited=\u00bbon|phone\u00bb text_text_shadow_style=\u00bbpreset3&#8243; global_colors_info=\u00bb{}\u00bb]Esqu\u00ed y Diversi\u00f3n<br \/>\nen un entorno \u00fanico.[\/et_pb_text][et_pb_text _builder_version=\u00bb4.27.4&#8243; _module_preset=\u00bbdefault\u00bb text_font=\u00bbSan Francisco UI Display Semibold||||||||\u00bb text_text_color=\u00bb#FFFFFF\u00bb text_font_size=\u00bb30px\u00bb text_line_height=\u00bb1.18em\u00bb text_orientation=\u00bbcenter\u00bb max_width=\u00bb800px\u00bb module_alignment=\u00bbcenter\u00bb text_font_size_tablet=\u00bb32px\u00bb text_font_size_phone=\u00bb24px\u00bb text_font_size_last_edited=\u00bbon|phone\u00bb text_text_shadow_style=\u00bbpreset3&#8243; locked=\u00bboff\u00bb global_colors_info=\u00bb{}\u00bb]<\/p>\n<p>Descubre CEROGRADOS Jard\u00edn Alpino en nuestra nueva web, disponible en noviembre, donde podr\u00e1s reservar tu plaza online y empezar una aventura \u00e9pica.<\/p>\n<p>[\/et_pb_text][et_pb_text _builder_version=\u00bb4.27.4&#8243; _module_preset=\u00bbdefault\u00bb text_font=\u00bbSan Francisco UI Display Semibold||||||||\u00bb text_text_color=\u00bb#FFFFFF\u00bb text_font_size=\u00bb18px\u00bb text_line_height=\u00bb1.5em\u00bb link_text_color=\u00bb#FFFFFF\u00bb custom_margin=\u00bb||||false|false\u00bb locked=\u00bboff\u00bb global_colors_info=\u00bb{}\u00bb]<\/p>\n<p style=\"text-align: center;\"><a href=\"https:\/\/cerogrados.com\" target=\"_blank\" rel=\"noopener\">www.cerogrados.com<\/a><br \/>\n<a href=\"mailto:info@cerogrados.com\">info@cerogrados.com<\/a><\/p>\n<p>[\/et_pb_text][\/et_pb_column][\/et_pb_row][\/et_pb_section]<\/p>\n","protected":false},"excerpt":{"rendered":"<p>Esqu\u00ed y Diversi\u00f3n en un entorno \u00fanico.Descubre CEROGRADOS Jard\u00edn Alpino en nuestra nueva web, disponible en noviembre, donde podr\u00e1s reservar tu plaza online y empezar una aventura \u00e9pica.www.cerogrados.com info@cerogrados.com<\/p>","protected":false},"author":1,"featured_media":0,"parent":0,"menu_order":0,"comment_status":"closed","ping_status":"closed","template":"page-template-blank.php","meta":{"_et_pb_use_builder":"on","_et_pb_old_content":"","_et_gb_content_width":"","inline_featured_image":false,"footnotes":""},"class_list":["post-1578","page","type-page","status-publish","hentry"],"_links":{"self":[{"href":"https:\/\/jardinalpinosierranevada.es\/en\/wp-json\/wp\/v2\/pages\/1578","targetHints":{"allow":["GET"]}}],"collection":[{"href":"https:\/\/jardinalpinosierranevada.es\/en\/wp-json\/wp\/v2\/pages"}],"about":[{"href":"https:\/\/jardinalpinosierranevada.es\/en\/wp-json\/wp\/v2\/types\/page"}],"author":[{"embeddable":true,"href":"https:\/\/jardinalpinosierranevada.es\/en\/wp-json\/wp\/v2\/users\/1"}],"replies":[{"embeddable":true,"href":"https:\/\/jardinalpinosierranevada.es\/en\/wp-json\/wp\/v2\/comments?post=1578"}],"version-history":[{"count":6,"href":"https:\/\/jardinalpinosierranevada.es\/en\/wp-json\/wp\/v2\/pages\/1578\/revisions"}],"predecessor-version":[{"id":2715,"href":"https:\/\/jardinalpinosierranevada.es\/en\/wp-json\/wp\/v2\/pages\/1578\/revisions\/2715"}],"wp:attachment":[{"href":"https:\/\/jardinalpinosierranevada.es\/en\/wp-json\/wp\/v2\/media?parent=1578"}],"curies":[{"name":"wp","href":"https:\/\/api.w.org\/{rel}","templated":true}]}}