{"id":2397,"date":"2025-05-16T10:03:20","date_gmt":"2025-05-16T10:03:20","guid":{"rendered":"https:\/\/jardinalpinosierranevada.es\/?post_type=product&#038;p=2397"},"modified":"2026-02-23T11:27:37","modified_gmt":"2026-02-23T11:27:37","slug":"jardin-alpino-de-tarde","status":"publish","type":"product","link":"https:\/\/jardinalpinosierranevada.es\/en\/product\/jardin-alpino-de-tarde\/","title":{"rendered":"Jard\u00edn Alpino de Tarde"},"content":{"rendered":"<p>[et_pb_section fb_built=\u00bb1&#8243; _builder_version=\u00bb4.27.4&#8243; custom_margin=\u00bb25px||||false|false\u00bb custom_margin_tablet=\u00bb25px||||false|false\u00bb custom_margin_phone=\u00bb25px||||false|false\u00bb custom_margin_last_edited=\u00bbon|phone\u00bb custom_padding=\u00bb0px||25px||false|false\u00bb collapsed=\u00bbon\u00bb global_colors_info=\u00bb{}\u00bb][et_pb_row custom_padding_last_edited=\u00bbon|phone\u00bb _builder_version=\u00bb4.27.4&#8243; _module_preset=\u00bbdefault\u00bb width=\u00bb100%\u00bb custom_margin=\u00bb||15px||false|false\u00bb custom_padding_tablet=\u00bb\u00bb custom_padding_phone=\u00bb10px||20px||false|false\u00bb global_colors_info=\u00bb{}\u00bb][et_pb_column type=\u00bb4_4&#8243; _builder_version=\u00bb4.27.4&#8243; _module_preset=\u00bbdefault\u00bb global_colors_info=\u00bb{}\u00bb][et_pb_text _builder_version=\u00bb4.27.4&#8243; _module_preset=\u00bbdefault\u00bb locked=\u00bboff\u00bb global_colors_info=\u00bb{}\u00bb]<\/p>\n<h2 class=\"destacado-seccion naranja\">Personaliza la experiencia.&nbsp;<\/h2>\n<h3 class=\"destacado-seccion negro\">Selecciona la cantidad de tardes, el material, casco o forfait&nbsp;<\/h3>\n<p class=\"destacado-seccion gris\"> para disfrutar de una experiencia de Jard\u00edn Alpino irrepetible.<\/p>\n<p>[\/et_pb_text][\/et_pb_column][\/et_pb_row][et_pb_row _builder_version=\u00bb4.16&#8243; background_size=\u00bbinitial\u00bb background_position=\u00bbtop_left\u00bb background_repeat=\u00bbrepeat\u00bb width=\u00bb100%\u00bb custom_padding=\u00bb0px||0px||false|false\u00bb global_colors_info=\u00bb{}\u00bb][et_pb_column type=\u00bb4_4&#8243; _builder_version=\u00bb4.16&#8243; custom_padding=\u00bb|||\u00bb global_colors_info=\u00bb{}\u00bb custom_padding__hover=\u00bb|||\u00bb][et_pb_wc_breadcrumb disabled_on=\u00bbon|on|on\u00bb _builder_version=\u00bb4.27.4&#8243; disabled=\u00bbon\u00bb global_colors_info=\u00bb{}\u00bb][\/et_pb_wc_breadcrumb][et_pb_wc_cart_notice _builder_version=\u00bb4.27.4&#8243; background_color=\u00bb#0066cc\u00bb custom_css_main_element=\u00bbfont-family: &#8216;San Francisco UI Display Regular&#8217;, sans-serif !important;||\u00bb custom_css_field_label=\u00bb||\u00bb border_radii=\u00bbon|40px|40px|40px|40px\u00bb global_colors_info=\u00bb{}\u00bb][\/et_pb_wc_cart_notice][\/et_pb_column][\/et_pb_row][et_pb_row column_structure=\u00bb3_5,2_5&#8243; use_custom_gutter=\u00bbon\u00bb gutter_width=\u00bb2&#8243; _builder_version=\u00bb4.27.4&#8243; background_size=\u00bbinitial\u00bb background_position=\u00bbtop_left\u00bb background_repeat=\u00bbrepeat\u00bb width=\u00bb100%\u00bb custom_padding=\u00bb0px||||false|false\u00bb global_colors_info=\u00bb{}\u00bb][et_pb_column type=\u00bb3_5&#8243; _builder_version=\u00bb4.16&#8243; custom_padding=\u00bb|||\u00bb global_colors_info=\u00bb{}\u00bb custom_padding__hover=\u00bb|||\u00bb][et_pb_code _builder_version=\u00bb4.27.4&#8243; _module_preset=\u00bbdefault\u00bb background_color=\u00bb#f2f2f2&#8243; custom_margin=\u00bb||50px|||\u00bb custom_margin_tablet=\u00bb||50px|||\u00bb custom_margin_phone=\u00bb||20px||false|false\u00bb custom_margin_last_edited=\u00bbon|phone\u00bb border_radii=\u00bbon|30px|30px|30px|30px\u00bb locked=\u00bboff\u00bb global_colors_info=\u00bb{}\u00bb]<!-- Carrusel de im\u00e1genes con transici\u00f3n fade (popup-producto-01) --><!-- [et_pb_line_break_holder] --><\/p>\n<div class=\"popup-producto-01-carousel\"><!-- [et_pb_line_break_holder] -->  <img decoding=\"async\" src=\"https:\/\/jardinalpinosierranevada.es\/wp-content\/uploads\/2025\/05\/nina-instructor-clase-iniciacion-CEROGRADOS-Jardin-Alpino-producto_tienda-tarde.webp\" alt=\"Imagen 1\"><!-- [et_pb_line_break_holder] -->  <img decoding=\"async\" src=\"https:\/\/jardinalpinosierranevada.es\/wp-content\/uploads\/2025\/05\/nino-instructor-clase-iniciacion-CEROGRADOS-Jardin-Alpino-producto_tienda-tarde.jpg.webp\" alt=\"Imagen 2\"><!-- [et_pb_line_break_holder] -->  <img decoding=\"async\" src=\"https:\/\/jardinalpinosierranevada.es\/wp-content\/uploads\/2025\/05\/ninos-instructor-clase-obstaculos-CEROGRADOS-Jardin-Alpino-producto_tienda-tarde.webp\" alt=\"Imagen 3\"><!-- [et_pb_line_break_holder] -->  <img decoding=\"async\" src=\"https:\/\/jardinalpinosierranevada.es\/wp-content\/uploads\/2025\/05\/nino-clase-esquiando-CEROGRADOS-Jardin-Alpino-producto_tienda-tarde.webp\" alt=\"Imagen 4\"><!-- [et_pb_line_break_holder] -->  <img decoding=\"async\" src=\"https:\/\/jardinalpinosierranevada.es\/wp-content\/uploads\/2025\/05\/ninos-zona-iniciacion-CEROGRADOS-Jardin-Alpino-producto_tienda-tarde.webp\" alt=\"Imagen 5\"><!-- [et_pb_line_break_holder] -->  <img decoding=\"async\" src=\"https:\/\/jardinalpinosierranevada.es\/wp-content\/uploads\/2025\/05\/ninos-instructora-interior-refugio-jugando-lego-CEROGRADOS-Jardin-Alpino-producto_tienda-tarde.webp\" alt=\"Imagen 6\"><!-- [et_pb_line_break_holder] --><\/div>\n<p><!-- [et_pb_line_break_holder] --><!-- [et_pb_line_break_holder] --><\/p>\n<style><!-- [et_pb_line_break_holder] -->\/* Estilo base del carrusel *\/<!-- [et_pb_line_break_holder] -->.popup-producto-01-carousel {<!-- [et_pb_line_break_holder] -->  position: relative;<!-- [et_pb_line_break_holder] -->  width: 100%;<!-- [et_pb_line_break_holder] -->  max-width: 100%;<!-- [et_pb_line_break_holder] -->  aspect-ratio: 1 \/ 1; \/* Mantiene proporci\u00f3n cuadrada *\/<!-- [et_pb_line_break_holder] -->  overflow: hidden;<!-- [et_pb_line_break_holder] -->  margin: 0 auto;<!-- [et_pb_line_break_holder] -->}<!-- [et_pb_line_break_holder] --><!-- [et_pb_line_break_holder] -->.popup-producto-01-carousel img {<!-- [et_pb_line_break_holder] -->  position: absolute;<!-- [et_pb_line_break_holder] -->  top: 0;<!-- [et_pb_line_break_holder] -->  left: 0;<!-- [et_pb_line_break_holder] -->  width: 100%;<!-- [et_pb_line_break_holder] -->  height: 100%;<!-- [et_pb_line_break_holder] -->  object-fit: cover;<!-- [et_pb_line_break_holder] -->  opacity: 0;<!-- [et_pb_line_break_holder] -->  transition: opacity 3s ease-in-out;<!-- [et_pb_line_break_holder] -->}<!-- [et_pb_line_break_holder] --><!-- [et_pb_line_break_holder] -->\/* Imagen visible *\/<!-- [et_pb_line_break_holder] -->.popup-producto-01-carousel img.active {<!-- [et_pb_line_break_holder] -->  opacity: 1;<!-- [et_pb_line_break_holder] -->}<!-- [et_pb_line_break_holder] --><\/style>\n<p><!-- [et_pb_line_break_holder] --><!-- [et_pb_line_break_holder] --><script><!-- [et_pb_line_break_holder] -->\/\/ Script para el carrusel autom\u00e1tico de im\u00e1genes (popup-producto-01)<!-- [et_pb_line_break_holder] -->(function() {<!-- [et_pb_line_break_holder] -->  const images = document.querySelectorAll('.popup-producto-01-carousel img');<!-- [et_pb_line_break_holder] -->  let current = 0;<!-- [et_pb_line_break_holder] -->  const duration = 3000;<!-- [et_pb_line_break_holder] --><!-- [et_pb_line_break_holder] -->  function showNextImage() {<!-- [et_pb_line_break_holder] -->    images[current].classList.remove('active');<!-- [et_pb_line_break_holder] -->    current = (current + 1) % images.length;<!-- [et_pb_line_break_holder] -->    images[current].classList.add('active');<!-- [et_pb_line_break_holder] -->  }<!-- [et_pb_line_break_holder] --><!-- [et_pb_line_break_holder] -->  images[0].classList.add('active');<!-- [et_pb_line_break_holder] -->  setInterval(showNextImage, duration);<!-- [et_pb_line_break_holder] -->})();<!-- [et_pb_line_break_holder] --><\/script>[\/et_pb_code][\/et_pb_column][et_pb_column type=\u00bb2_5&#8243; _builder_version=\u00bb4.27.4&#8243; background_color=\u00bb#f7f7f7&#8243; custom_padding=\u00bb30px|25px|30px|25px|true|true\u00bb border_radii=\u00bbon|30px|30px|30px|30px\u00bb global_colors_info=\u00bb{}\u00bb custom_padding__hover=\u00bb|||\u00bb][et_pb_text content_tablet=\u00bb<\/p>\n<h2 style=%22font-family: 'San Francisco UI Display Bold'; font-size: 30px; letter-spacing: 0em; line-height: 1em; text-align: left; color: #666666;%22>Jornada de D\u00eda Completo<\/h2>\n<p>\u00bb content_phone=\u00bb<\/p>\n<h2 style=%22font-family: 'San Francisco UI Display Bold'; font-size: 25px; letter-spacing: 0em; line-height: 1em; text-align: left; color: #666666;%22>Jornada de D\u00eda Completo<\/h2>\n<p>\u00bb content_last_edited=\u00bbon|phone\u00bb _builder_version=\u00bb4.27.4&#8243; _module_preset=\u00bbdefault\u00bb custom_margin=\u00bb||0px||false|false\u00bb global_colors_info=\u00bb{}\u00bb]<\/p>\n<h2 style=\"font-family: 'San Francisco UI Display Bold'; font-size: 30px; letter-spacing: 0em; line-height: 1em; text-align: left; color: #666666;\">Jornada de Tarde<\/h2>\n<p>[\/et_pb_text][et_pb_text _builder_version=\u00bb4.27.4&#8243; _module_preset=\u00bbdefault\u00bb custom_margin=\u00bb||15px||false|false\u00bb global_colors_info=\u00bb{}\u00bb]<\/p>\n<p style=\"font-family: 'San Francisco UI Display Regular'; font-size: 16px; letter-spacing: 0em; line-height: 1.6em; text-align: left; color: #d6d6d6;\">Horario de 13:30h. a 16:30h.<\/p>\n<p>[\/et_pb_text][et_pb_divider color=\u00bb#d2d2d7&#8243; _builder_version=\u00bb4.27.4&#8243; _module_preset=\u00bbdefault\u00bb custom_margin=\u00bb||0px||false|false\u00bb custom_padding=\u00bb||0px||false|false\u00bb global_colors_info=\u00bb{}\u00bb][\/et_pb_divider][et_pb_wc_rating disabled_on=\u00bbon|on|on\u00bb _builder_version=\u00bb4.27.4&#8243; disabled=\u00bbon\u00bb global_colors_info=\u00bb{}\u00bb][\/et_pb_wc_rating][et_pb_wc_price disabled_on=\u00bbon|on|on\u00bb _builder_version=\u00bb4.27.4&#8243; disabled=\u00bbon\u00bb global_colors_info=\u00bb{}\u00bb][\/et_pb_wc_price][et_pb_wc_description admin_label=\u00bbWoo Descripci\u00f3n del producto\u00bb _builder_version=\u00bb4.27.4&#8243; global_colors_info=\u00bb{}\u00bb][\/et_pb_wc_description][et_pb_wc_add_to_cart product=\u00bb2397&#8243; _builder_version=\u00bb4.27.4&#8243; fields_custom_margin=\u00bb||||false|false\u00bb fields_custom_padding=\u00bb||||false|false\u00bb field_label_font=\u00bbSan Francisco UI Display Regular|700|||||||\u00bb fields_font=\u00bbSan Francisco UI Display Regular||||||||\u00bb fields_text_align=\u00bbright\u00bb custom_button=\u00bbon\u00bb button_text_size=\u00bb15px\u00bb button_text_color=\u00bb#FFFFFF\u00bb button_bg_color=\u00bb#0066cc\u00bb button_border_width=\u00bb0px\u00bb button_border_radius=\u00bb50px\u00bb button_letter_spacing=\u00bb0.02em\u00bb button_font=\u00bbSan Francisco UI Display Regular||||||||\u00bb button_use_icon=\u00bboff\u00bb button_custom_padding=\u00bb8px|25px|8px|25px|true|true\u00bb custom_margin=\u00bb|||0px|false|false\u00bb custom_padding=\u00bb|||0px|false|false\u00bb border_radii_fields=\u00bbon|10px|10px|10px|10px\u00bb global_colors_info=\u00bb{}\u00bb button_bg_color__hover_enabled=\u00bbon|hover\u00bb button_bg_color__hover=\u00bb#0076df\u00bb button_bg_enable_color__hover=\u00bbon\u00bb][\/et_pb_wc_add_to_cart][et_pb_wc_upsells disabled_on=\u00bbon|on|on\u00bb _builder_version=\u00bb4.27.4&#8243; _module_preset=\u00bbdefault\u00bb disabled=\u00bbon\u00bb global_colors_info=\u00bb{}\u00bb][\/et_pb_wc_upsells][et_pb_wc_meta show_categories=\u00bboff\u00bb show_tags=\u00bboff\u00bb disabled_on=\u00bboff|off|off\u00bb _builder_version=\u00bb4.27.4&#8243; custom_css_main_element=\u00bbfont-family: &#8216;San Francisco UI Display Regular&#8217;, sans-serif !important;\u00bb global_colors_info=\u00bb{}\u00bb][\/et_pb_wc_meta][\/et_pb_column][\/et_pb_row][et_pb_row _builder_version=\u00bb4.27.4&#8243; _module_preset=\u00bbdefault\u00bb width=\u00bb100%\u00bb global_colors_info=\u00bb{}\u00bb][et_pb_column type=\u00bb4_4&#8243; _builder_version=\u00bb4.27.4&#8243; _module_preset=\u00bbdefault\u00bb global_colors_info=\u00bb{}\u00bb][et_pb_text _builder_version=\u00bb4.27.4&#8243; _module_preset=\u00bbdefault\u00bb background_color=\u00bb#f7f7f7&#8243; custom_padding=\u00bb40px|40px|40px|40px|true|true\u00bb custom_padding_tablet=\u00bb40px|40px|40px|40px|true|true\u00bb custom_padding_phone=\u00bb25px|20px|25px|20px|true|true\u00bb custom_padding_last_edited=\u00bbon|phone\u00bb border_radii=\u00bbon|30px|30px|30px|30px\u00bb global_colors_info=\u00bb{}\u00bb]<\/p>\n<h2 class=\"descripcion-producto naranja\">Jard\u00edn Alpino en jornada de Tarde<\/h2>\n<p><\/p>\n<h2 class=\"descripcion-producto negro\">Esquiar a otro ritmo, con la magia del atardecer<\/h2>\n<p><\/p>\n<p class=\"descripcion-producto gris\">La jornada de tarde es la opci\u00f3n ideal para las familias que prefieren un horario m\u00e1s relajado o para ni\u00f1os que disfrutan m\u00e1s del juego en las \u00faltimas horas del d\u00eda. Con el sol descendiendo sobre Sierra Nevada, los peque\u00f1os viven una experiencia distinta, donde el aprendizaje se combina con la calma del entorno y la cercan\u00eda del atardecer.<br \/>\n<br \/>Los instructores gu\u00edan al grupo en sesiones din\u00e1micas adaptadas al ritmo de la tarde, trabajando habilidades t\u00e9cnicas con un enfoque l\u00fadico. Se incorporan juegos en grupo y ejercicios que refuerzan la seguridad sobre los esqu\u00eds y la coordinaci\u00f3n. Tras cada actividad, hay tiempo para relajarse y divertirse en la caba\u00f1a del Jard\u00edn, con espacio para compartir, jugar y recargar energ\u00eda.<br \/>\n<br \/>Una propuesta distinta y complementaria, perfecta para cerrar el d\u00eda con una experiencia positiva, activa y estimulante que deja una huella imborrable en los m\u00e1s peque\u00f1os.<\/p>\n<p>[\/et_pb_text][\/et_pb_column][\/et_pb_row][\/et_pb_section]<\/p>\n","protected":false},"excerpt":{"rendered":"<p>Personaliza la experiencia.&nbsp; Selecciona la cantidad de tardes, el material, casco o forfait&nbsp; para disfrutar de una experiencia de Jard\u00edn Alpino irrepetible.Jornada de TardeHorario de 13:30h. a 16:30h.Jard\u00edn Alpino en jornada de Tarde Esquiar a otro ritmo, con la magia del atardecer La jornada de tarde es la opci\u00f3n ideal para las familias que prefieren [&hellip;]<\/p>\n","protected":false},"featured_media":2478,"comment_status":"closed","ping_status":"closed","template":"","meta":{"_et_pb_use_builder":"on","_et_pb_old_content":"<strong>Una tarde m\u00e1gica entre nieve, risas y aprendizaje en el Jard\u00edn Alpino.<\/strong>\r\nDise\u00f1ada para familias que prefieren disfrutar de la nieve por la tarde, esta modalidad ofrece clases de esqu\u00ed para ni\u00f1os, actividades l\u00fadicas y atenci\u00f3n personalizada.\r\nSelecciona la fecha, a\u00f1ade servicios extra y prep\u00e1rate para una experiencia de nieve inolvidable con CEROGRADOS.\r\n\r\nIdeal para familias que buscan flexibilidad horaria y el mejor entorno para los m\u00e1s peque\u00f1os.","_et_gb_content_width":"","inline_featured_image":false},"product_brand":[],"product_cat":[16],"product_tag":[],"class_list":{"0":"post-2397","1":"product","2":"type-product","3":"status-publish","4":"has-post-thumbnail","6":"product_cat-sin-categorizar","7":"tm-has-options","9":"first","10":"outofstock","11":"shipping-taxable","12":"purchasable","13":"product-type-simple"},"_links":{"self":[{"href":"https:\/\/jardinalpinosierranevada.es\/en\/wp-json\/wp\/v2\/product\/2397","targetHints":{"allow":["GET"]}}],"collection":[{"href":"https:\/\/jardinalpinosierranevada.es\/en\/wp-json\/wp\/v2\/product"}],"about":[{"href":"https:\/\/jardinalpinosierranevada.es\/en\/wp-json\/wp\/v2\/types\/product"}],"replies":[{"embeddable":true,"href":"https:\/\/jardinalpinosierranevada.es\/en\/wp-json\/wp\/v2\/comments?post=2397"}],"wp:featuredmedia":[{"embeddable":true,"href":"https:\/\/jardinalpinosierranevada.es\/en\/wp-json\/wp\/v2\/media\/2478"}],"wp:attachment":[{"href":"https:\/\/jardinalpinosierranevada.es\/en\/wp-json\/wp\/v2\/media?parent=2397"}],"wp:term":[{"taxonomy":"product_brand","embeddable":true,"href":"https:\/\/jardinalpinosierranevada.es\/en\/wp-json\/wp\/v2\/product_brand?post=2397"},{"taxonomy":"product_cat","embeddable":true,"href":"https:\/\/jardinalpinosierranevada.es\/en\/wp-json\/wp\/v2\/product_cat?post=2397"},{"taxonomy":"product_tag","embeddable":true,"href":"https:\/\/jardinalpinosierranevada.es\/en\/wp-json\/wp\/v2\/product_tag?post=2397"}],"curies":[{"name":"wp","href":"https:\/\/api.w.org\/{rel}","templated":true}]}}